{"id":4400,"date":"2021-10-12T15:51:09","date_gmt":"2021-10-12T15:51:09","guid":{"rendered":"http:\/\/dummy.xtemos.com\/woodmart2\/elementor\/?page_id=4400"},"modified":"2026-02-07T14:02:22","modified_gmt":"2026-02-07T11:02:22","slug":"hakkimizda","status":"publish","type":"page","link":"https:\/\/gns-legal.com\/fr\/hakkimizda\/","title":{"rendered":"Hakk\u0131m\u0131zda"},"content":{"rendered":"<div data-elementor-type=\"wp-page\" data-elementor-id=\"4400\" class=\"elementor elementor-4400\" data-elementor-post-type=\"page\">\n\t\t\t\t<div class=\"wd-negative-gap elementor-element elementor-element-7c7c544 e-flex e-con-boxed e-con e-parent\" data-id=\"7c7c544\" data-element_type=\"container\" data-e-type=\"container\">\n\t\t\t\t\t<div class=\"e-con-inner\">\n\t\t<div class=\"elementor-element elementor-element-e7cb5cd e-con-full e-flex e-con e-child\" data-id=\"e7cb5cd\" data-element_type=\"container\" data-e-type=\"container\">\n\t\t\t\t<div class=\"elementor-element elementor-element-a3c0aa0 elementor-widget elementor-widget-image\" data-id=\"a3c0aa0\" data-element_type=\"widget\" data-e-type=\"widget\" data-widget_type=\"image.default\">\n\t\t\t\t\t\t\t\t\t\t\t\t\t\t\t<img fetchpriority=\"high\" decoding=\"async\" width=\"1069\" height=\"1600\" src=\"https:\/\/gns-legal.com\/wp-content\/uploads\/2026\/02\/WhatsApp-Image-2026-02-07-at-13.52.15.jpeg\" class=\"attachment-large size-large wp-image-21672\" alt=\"\" srcset=\"https:\/\/gns-legal.com\/wp-content\/uploads\/2026\/02\/WhatsApp-Image-2026-02-07-at-13.52.15.jpeg 1069w, https:\/\/gns-legal.com\/wp-content\/uploads\/2026\/02\/WhatsApp-Image-2026-02-07-at-13.52.15-768x1149.jpeg 768w, https:\/\/gns-legal.com\/wp-content\/uploads\/2026\/02\/WhatsApp-Image-2026-02-07-at-13.52.15-1026x1536.jpeg 1026w\" sizes=\"(max-width: 1069px) 100vw, 1069px\" \/>\t\t\t\t\t\t\t\t\t\t\t\t\t\t\t<\/div>\n\t\t\t\t<div class=\"elementor-element elementor-element-6c0e2f9 color-scheme-inherit text-left elementor-widget elementor-widget-text-editor\" data-id=\"6c0e2f9\" data-element_type=\"widget\" data-e-type=\"widget\" data-widget_type=\"text-editor.default\">\n\t\t\t\t\t\t\t\t\t<p>\u00c0 partir de 2024, elle a \u00e9largi ses activit\u00e9s de conseil juridique international en se concentrant sur l\u2019Allemagne et les Pays-Bas, en \u00e9tablissant un r\u00e9seau de services complet pour les clients r\u00e9sidant dans ces r\u00e9gions ou souhaitant effectuer des transactions li\u00e9es \u00e0 la Turquie.<\/p><p>L\u2019Avocate G\u00fclizar Naz S\u00f6nmez agit conform\u00e9ment aux principes de transparence, de confiance et d\u2019accessibilit\u00e9, en adoptant une approche strat\u00e9gique et orient\u00e9e vers les solutions dans chaque dossier.<\/p>\t\t\t\t\t\t\t\t<\/div>\n\t\t\t\t<\/div>\n\t\t<div class=\"elementor-element elementor-element-97d6084 e-con-full e-flex e-con e-child\" data-id=\"97d6084\" data-element_type=\"container\" data-e-type=\"container\">\n\t\t\t\t<div class=\"elementor-element elementor-element-98d830b wd-width-100 elementor-widget elementor-widget-wd_title\" data-id=\"98d830b\" data-element_type=\"widget\" data-e-type=\"widget\" data-widget_type=\"wd_title.default\">\n\t\t\t\t<div class=\"elementor-widget-container\">\n\t\t\t\t\t\t\t<div class=\"title-wrapper wd-set-mb reset-last-child wd-title-color-primary wd-title-style-default wd-title-size-large text-left\">\n\n\t\t\t\n\t\t\t<div class=\"liner-continer\">\n\t\t\t\t<h4 class=\"woodmart-title-container title wd-fontsize-xxl\">Av. G\u00fclizar Naz S\u00f6nmez<\/h4> \n\t\t\t\t\t\t\t<\/div>\n\n\t\t\t\t\t\t\t<div class=\"title-after_title reset-last-child wd-fontsize-s\">\n\t\t\t\t\t<p>Avocate G\u00fclizar Naz S\u00f6nmez est dipl\u00f4m\u00e9e de la Facult\u00e9 de droit de l\u2019Universit\u00e9 Istanbul Beykent en 2019. La m\u00eame ann\u00e9e, elle a accompli son stage l\u00e9gal aupr\u00e8s du Barreau d\u2019Istanbul, obtenu son certificat d\u2019aptitude \u00e0 la profession d\u2019avocat et commenc\u00e9 sa carri\u00e8re. Depuis son stage, elle a acquis de l\u2019exp\u00e9rience en droit p\u00e9nal, droit des \u00e9trangers, droit immobilier et droit des contrats ; depuis 2020, elle se concentre particuli\u00e8rement sur le droit immobilier et le droit des \u00e9trangers.<\/p><p>En 2023, elle a fond\u00e9 le cabinet GNS Hukuk &amp; Dan\u0131\u015fmanl\u0131k \u00e0 Bodrum. Elle y offre des services de conseil juridique et de repr\u00e9sentation en turc et en anglais \u00e0 des clients nationaux et \u00e9trangers.<\/p><p>Elle s\u2019est sp\u00e9cialis\u00e9e dans la prestation de services de conseil juridique aux personnes physiques et morales \u00e9trang\u00e8res concernant l\u2019acquisition de biens immobiliers, les proc\u00e9dures de permis de s\u00e9jour et de travail, les demandes de citoyennet\u00e9 turque, la cr\u00e9ation de soci\u00e9t\u00e9s et le conseil en investissement ; ainsi que dans les domaines du droit p\u00e9nal, du droit cadastral et de l\u2019urbanisme, du droit de l\u2019expropriation, du droit commercial et des soci\u00e9t\u00e9s, de la pr\u00e9paration de r\u00e8glements de gestion, des restructurations, du droit du timeshare et des r\u00e9sidences de vacances, de la gestion locative des centres commerciaux, des op\u00e9rations de barter et d\u2019hypoth\u00e8que, du droit des cryptomonnaies et de la finance num\u00e9rique, ainsi que de tout conseil juridique relatif \u00e0 la vente de biens immobiliers aux \u00e9trangers et aux contrats de location.<\/p>\t\t\t\t<\/div>\n\t\t\t\t\t<\/div>\n\t\t\t\t\t\t<\/div>\n\t\t\t\t<\/div>\n\t\t\t\t<\/div>\n\t\t\t\t\t<\/div>\n\t\t\t\t<\/div>\n\t\t<div class=\"wd-negative-gap elementor-element elementor-element-7cb5084 e-flex e-con-boxed e-con e-parent\" data-id=\"7cb5084\" data-element_type=\"container\" data-e-type=\"container\">\n\t\t\t\t\t<div class=\"e-con-inner\">\n\t\t<div class=\"elementor-element elementor-element-659ec25 e-con-full e-flex e-con e-child\" data-id=\"659ec25\" data-element_type=\"container\" data-e-type=\"container\">\n\t\t\t\t<div class=\"elementor-element elementor-element-ef6b128 wd-width-100 elementor-widget elementor-widget-wd_title\" data-id=\"ef6b128\" data-element_type=\"widget\" data-e-type=\"widget\" data-widget_type=\"wd_title.default\">\n\t\t\t\t<div class=\"elementor-widget-container\">\n\t\t\t\t\t\t\t<div class=\"title-wrapper wd-set-mb reset-last-child wd-title-color-primary wd-title-style-default wd-title-size-large text-left\">\n\n\t\t\t\n\t\t\t<div class=\"liner-continer\">\n\t\t\t\t<h4 class=\"woodmart-title-container title wd-fontsize-xxl\">GNS Droit &amp; Conseil<\/h4> \n\t\t\t\t\t\t\t<\/div>\n\n\t\t\t\t\t\t\t<div class=\"title-after_title reset-last-child wd-fontsize-s\">\n\t\t\t\t\t<p>GNS Droit &amp; Conseil est un cabinet d\u2019avocats international fond\u00e9 \u00e0 Bodrum, l\u2019un des centres d\u2019investissement et de vie les plus dynamiques de Turquie, offrant principalement des services en Turquie, en Allemagne et aux Pays-Bas \u00e0 des clients nationaux et internationaux. Notre cabinet est structur\u00e9 pour r\u00e9pondre aux besoins juridiques nationaux et internationaux des particuliers et des entreprises.<br \/><br \/>Nos activit\u00e9s internationales nous permettent de proposer une structure de conseil strat\u00e9gique, notamment pour les clients \u00e9trangers qui font des affaires avec la Turquie, planifient des investissements ou acqui\u00e8rent des biens immobiliers. Dans ce cadre, nous fournissons des services de conseil juridique aux clients turcs et \u00e9trangers r\u00e9sidant \u00e0 l\u2019\u00e9tranger concernant l\u2019acquisition de biens immobiliers en Turquie, les permis de s\u00e9jour et les demandes de citoyennet\u00e9. Nous g\u00e9rons de bout en bout les processus des personnes et des entreprises souhaitant investir en Turquie.<\/p><p>Gr\u00e2ce \u00e0 nos partenaires \u00e0 l\u2019\u00e9tranger et \u00e0 notre r\u00e9seau international, nous proposons des solutions bilat\u00e9rales en mati\u00e8re d\u2019acquisition immobili\u00e8re, de cr\u00e9ation d\u2019entreprise, d\u2019op\u00e9rations commerciales, d\u2019investissements financiers et de droit de l\u2019immigration. La fiabilit\u00e9 est l\u2019une de nos valeurs fondamentales ; la transparence et l\u2019int\u00e9grit\u00e9 sont essentielles dans le processus de repr\u00e9sentation. Par ailleurs, gr\u00e2ce \u00e0 nos cabinets partenaires \u00e0 Duba\u00ef, en Allemagne et aux Pays-Bas, nous offrons des solutions directes via notre r\u00e9seau international. Nous assurons une communication en turc et en anglais avec une approche multilingue et interculturelle.<br \/><br \/>Notre expertise couvre le droit national et international. Nous agissons de mani\u00e8re dynamique et rapide afin de fournir des solutions en temps opportun.<\/p><p>Parmi les services complets que nous offrons aux particuliers et investisseurs \u00e9trangers figurent les proc\u00e9dures d\u2019obtention de permis de s\u00e9jour de courte et de longue dur\u00e9e.<\/p>\t\t\t\t<\/div>\n\t\t\t\t\t<\/div>\n\t\t\t\t\t\t<\/div>\n\t\t\t\t<\/div>\n\t\t\t\t<\/div>\n\t\t<div class=\"elementor-element elementor-element-7d0193d e-con-full e-flex e-con e-child\" data-id=\"7d0193d\" data-element_type=\"container\" data-e-type=\"container\">\n\t\t\t\t<div class=\"elementor-element elementor-element-096d00d elementor-widget elementor-widget-image\" data-id=\"096d00d\" data-element_type=\"widget\" data-e-type=\"widget\" data-widget_type=\"image.default\">\n\t\t\t\t\t\t\t\t\t\t\t\t\t\t\t<img decoding=\"async\" width=\"749\" height=\"706\" src=\"https:\/\/gns-legal.com\/wp-content\/uploads\/2025\/08\/image-1-1.png\" class=\"attachment-large size-large wp-image-21279\" alt=\"\" \/>\t\t\t\t\t\t\t\t\t\t\t\t\t\t\t<\/div>\n\t\t\t\t<div class=\"elementor-element elementor-element-d334a3e color-scheme-inherit text-left elementor-widget elementor-widget-text-editor\" data-id=\"d334a3e\" data-element_type=\"widget\" data-e-type=\"widget\" data-widget_type=\"text-editor.default\">\n\t\t\t\t\t\t\t\t\t<p>Dans le cadre des demandes de permis de travail ainsi que pour diff\u00e9rents types de visas tels que les visas d\u2019investisseur et de partenariat, nous offrons un accompagnement minutieux afin d\u2019assurer un traitement rapide et correct des proc\u00e9dures de demande.<br \/>Bunun yan\u0131 s\u0131ra, uluslararas\u0131 alanda giderek pop\u00fclerle\u015fen Golden Visa ve Nomad Visa gibi \u00f6zel stat\u00fc ba\u015fvurular\u0131nda uzman kadromuzla kapsaml\u0131 destek sunmaktay\u0131z.<\/p><p><br \/>En ce qui concerne l\u2019acquisition de la citoyennet\u00e9 turque, nous fournissons des services de conseil professionnel pour toutes les proc\u00e9dures juridiques et administratives li\u00e9es \u00e0 l\u2019obtention de la citoyennet\u00e9 par investissement immobilier ou commercial.<\/p><p><br \/>Par ailleurs, nous s\u00e9curisons les investissements de nos clients en Turquie gr\u00e2ce \u00e0 des services relatifs aux transactions fonci\u00e8res, \u00e0 la r\u00e9daction et \u00e0 la r\u00e9vision de contrats, \u00e0 l\u2019analyse d\u2019investissement et au reporting juridique. Dans ce cadre, notre \u00e9quipe a suivi des programmes de formation accr\u00e9dit\u00e9s par la RICS (Royal Institution of Chartered Surveyors) et fournit des services conformes aux normes internationales dans les secteurs du foncier, de l\u2019immobilier, de la construction et des infrastructures, avec des connaissances professionnelles et actualis\u00e9es.<\/p><p>Alors que le monde de l\u2019investissement se digitalise, nous adaptons \u00e9galement les processus juridiques \u00e0 cette \u00e9volution rapide. Au sein de GNS Legal, nous combinons notre expertise en droit immobilier et commercial avec les march\u00e9s des crypto-monnaies et l\u2019\u00e9cosyst\u00e8me de la finance num\u00e9rique. En tant que GNS Legal, nous offrons des conseils strat\u00e9giques en mati\u00e8re de technologies blockchain, de statut juridique des crypto-actifs et de gestion financi\u00e8re num\u00e9rique. Dans un contexte de r\u00e9gulations mondiales en constante \u00e9volution et de march\u00e9s crypto dynamiques, nous garantissons la s\u00e9curit\u00e9 juridique de vos investissements et projets conform\u00e9ment aux normes internationales.<\/p>\t\t\t\t\t\t\t\t<\/div>\n\t\t\t\t<\/div>\n\t\t\t\t\t<\/div>\n\t\t\t\t<\/div>\n\t\t\t\t<\/div>","protected":false},"excerpt":{"rendered":"<p>2024 y\u0131l\u0131 itibar\u0131yla uluslararas\u0131 hukuki dan\u0131\u015fmanl\u0131k faaliyetlerini Almanya ve Hollanda odakl\u0131 geni\u015fleterek, bu b\u00f6lgelerde ya\u015fayan veya T\u00fcrkiye ile ba\u011flant\u0131l\u0131 i\u015flemler<\/p>","protected":false},"author":1,"featured_media":0,"parent":0,"menu_order":0,"comment_status":"closed","ping_status":"closed","template":"","meta":{"footnotes":""},"class_list":["post-4400","page","type-page","status-publish","hentry"],"yoast_head":"<!-- This site is optimized with the Yoast SEO Premium plugin v27.0 (Yoast SEO v27.0) - https:\/\/yoast.com\/product\/yoast-seo-premium-wordpress\/ -->\n<title>Hakk\u0131m\u0131zda - GNS Hukuk &amp; Dan\u0131\u015fmanl\u0131k<\/title>\n<meta name=\"description\" content=\"Av. G\u00fclizar Naz S\u00f6nmez\" \/>\n<meta name=\"robots\" content=\"index, follow, max-snippet:-1, max-image-preview:large, max-video-preview:-1\" \/>\n<link rel=\"canonical\" href=\"https:\/\/gns-legal.com\/fr\/hakkimizda\/\" \/>\n<meta property=\"og:locale\" content=\"fr_FR\" \/>\n<meta property=\"og:type\" content=\"article\" \/>\n<meta property=\"og:title\" content=\"Hakk\u0131m\u0131zda %\" \/>\n<meta property=\"og:description\" content=\"Av. G\u00fclizar Naz S\u00f6nmez\" \/>\n<meta property=\"og:url\" content=\"https:\/\/gns-legal.com\/fr\/hakkimizda\/\" \/>\n<meta property=\"og:site_name\" content=\"GNS Hukuk &amp; Dan\u0131\u015fmanl\u0131k\" \/>\n<meta property=\"article:modified_time\" content=\"2026-02-07T11:02:22+00:00\" \/>\n<meta property=\"og:image\" content=\"https:\/\/gns-legal.com\/wp-content\/uploads\/2026\/02\/WhatsApp-Image-2026-02-07-at-13.52.15.jpeg\" \/>\n<meta name=\"twitter:card\" content=\"summary_large_image\" \/>\n<meta name=\"twitter:label1\" content=\"Dur\u00e9e de lecture estim\u00e9e\" \/>\n\t<meta name=\"twitter:data1\" content=\"3 minutes\" \/>\n<script type=\"application\/ld+json\" class=\"yoast-schema-graph\">{\"@context\":\"https:\/\/schema.org\",\"@graph\":[{\"@type\":\"WebPage\",\"@id\":\"https:\/\/gns-legal.com\/hakkimizda\/\",\"url\":\"https:\/\/gns-legal.com\/hakkimizda\/\",\"name\":\"Hakk\u0131m\u0131zda - GNS Hukuk &amp; Dan\u0131\u015fmanl\u0131k\",\"isPartOf\":{\"@id\":\"https:\/\/gns-legal.com\/#website\"},\"primaryImageOfPage\":{\"@id\":\"https:\/\/gns-legal.com\/hakkimizda\/#primaryimage\"},\"image\":{\"@id\":\"https:\/\/gns-legal.com\/hakkimizda\/#primaryimage\"},\"thumbnailUrl\":\"https:\/\/gns-legal.com\/wp-content\/uploads\/2026\/02\/WhatsApp-Image-2026-02-07-at-13.52.15.jpeg\",\"datePublished\":\"2021-10-12T15:51:09+00:00\",\"dateModified\":\"2026-02-07T11:02:22+00:00\",\"description\":\"Av. G\u00fclizar Naz S\u00f6nmez\",\"breadcrumb\":{\"@id\":\"https:\/\/gns-legal.com\/hakkimizda\/#breadcrumb\"},\"inLanguage\":\"fr-FR\",\"potentialAction\":[{\"@type\":\"ReadAction\",\"target\":[\"https:\/\/gns-legal.com\/hakkimizda\/\"]}]},{\"@type\":\"ImageObject\",\"inLanguage\":\"fr-FR\",\"@id\":\"https:\/\/gns-legal.com\/hakkimizda\/#primaryimage\",\"url\":\"https:\/\/gns-legal.com\/wp-content\/uploads\/2026\/02\/WhatsApp-Image-2026-02-07-at-13.52.15.jpeg\",\"contentUrl\":\"https:\/\/gns-legal.com\/wp-content\/uploads\/2026\/02\/WhatsApp-Image-2026-02-07-at-13.52.15.jpeg\"},{\"@type\":\"BreadcrumbList\",\"@id\":\"https:\/\/gns-legal.com\/hakkimizda\/#breadcrumb\",\"itemListElement\":[{\"@type\":\"ListItem\",\"position\":1,\"name\":\"Anasayfa\",\"item\":\"https:\/\/gns-legal.com\/\"},{\"@type\":\"ListItem\",\"position\":2,\"name\":\"Hakk\u0131m\u0131zda\"}]},{\"@type\":\"WebSite\",\"@id\":\"https:\/\/gns-legal.com\/#website\",\"url\":\"https:\/\/gns-legal.com\/\",\"name\":\"GNS Hukuk & Dan\u0131\u015fmanl\u0131k\",\"description\":\"Av. G\u00fclizar Naz S\u00f6nmez\",\"publisher\":{\"@id\":\"https:\/\/gns-legal.com\/#organization\"},\"potentialAction\":[{\"@type\":\"SearchAction\",\"target\":{\"@type\":\"EntryPoint\",\"urlTemplate\":\"https:\/\/gns-legal.com\/?s={search_term_string}\"},\"query-input\":{\"@type\":\"PropertyValueSpecification\",\"valueRequired\":true,\"valueName\":\"search_term_string\"}}],\"inLanguage\":\"fr-FR\"},{\"@type\":\"Organization\",\"@id\":\"https:\/\/gns-legal.com\/#organization\",\"name\":\"GNS Hukuk & Dan\u0131\u015fmanl\u0131k\",\"url\":\"https:\/\/gns-legal.com\/\",\"logo\":{\"@type\":\"ImageObject\",\"inLanguage\":\"fr-FR\",\"@id\":\"https:\/\/gns-legal.com\/#\/schema\/logo\/image\/\",\"url\":\"https:\/\/gns-legal.com\/wp-content\/uploads\/2025\/08\/gns-legal-favicon.webp\",\"contentUrl\":\"https:\/\/gns-legal.com\/wp-content\/uploads\/2025\/08\/gns-legal-favicon.webp\",\"width\":150,\"height\":150,\"caption\":\"GNS Hukuk & Dan\u0131\u015fmanl\u0131k\"},\"image\":{\"@id\":\"https:\/\/gns-legal.com\/#\/schema\/logo\/image\/\"},\"sameAs\":[\"https:\/\/www.instagram.com\/gnshukuk\"],\"description\":\"GNS Hukuk & Dan\u0131\u015fmanl\u0131k, Bodrum merkezli uluslararas\u0131 bir hukuk b\u00fcrosu olup yabanc\u0131lar hukuku, gayrimenkul yat\u0131r\u0131mlar\u0131, T\u00fcrk vatanda\u015fl\u0131\u011f\u0131 ba\u015fvurular\u0131 ve kripto varl\u0131k hukuku alanlar\u0131nda yerli ve yabanc\u0131 m\u00fcvekkillere hukuki dan\u0131\u015fmanl\u0131k sunmaktad\u0131r.\",\"email\":\"info@gns-legal.com\",\"telephone\":\"05300711001\",\"legalName\":\"GNS Hukuk & Dan\u0131\u015fmanl\u0131k\"}]}<\/script>\n<!-- \/ Yoast SEO Premium plugin. -->","yoast_head_json":{"title":"Hakk\u0131m\u0131zda - GNS Hukuk &amp; Dan\u0131\u015fmanl\u0131k","description":"Av. G\u00fclizar Naz S\u00f6nmez","robots":{"index":"index","follow":"follow","max-snippet":"max-snippet:-1","max-image-preview":"max-image-preview:large","max-video-preview":"max-video-preview:-1"},"canonical":"https:\/\/gns-legal.com\/fr\/hakkimizda\/","og_locale":"fr_FR","og_type":"article","og_title":"Hakk\u0131m\u0131zda %","og_description":"Av. G\u00fclizar Naz S\u00f6nmez","og_url":"https:\/\/gns-legal.com\/fr\/hakkimizda\/","og_site_name":"GNS Hukuk &amp; Dan\u0131\u015fmanl\u0131k","article_modified_time":"2026-02-07T11:02:22+00:00","og_image":[{"url":"https:\/\/gns-legal.com\/wp-content\/uploads\/2026\/02\/WhatsApp-Image-2026-02-07-at-13.52.15.jpeg","type":"","width":"","height":""}],"twitter_card":"summary_large_image","twitter_misc":{"Dur\u00e9e de lecture estim\u00e9e":"3 minutes"},"schema":{"@context":"https:\/\/schema.org","@graph":[{"@type":"WebPage","@id":"https:\/\/gns-legal.com\/hakkimizda\/","url":"https:\/\/gns-legal.com\/hakkimizda\/","name":"Hakk\u0131m\u0131zda - GNS Hukuk &amp; Dan\u0131\u015fmanl\u0131k","isPartOf":{"@id":"https:\/\/gns-legal.com\/#website"},"primaryImageOfPage":{"@id":"https:\/\/gns-legal.com\/hakkimizda\/#primaryimage"},"image":{"@id":"https:\/\/gns-legal.com\/hakkimizda\/#primaryimage"},"thumbnailUrl":"https:\/\/gns-legal.com\/wp-content\/uploads\/2026\/02\/WhatsApp-Image-2026-02-07-at-13.52.15.jpeg","datePublished":"2021-10-12T15:51:09+00:00","dateModified":"2026-02-07T11:02:22+00:00","description":"Av. G\u00fclizar Naz S\u00f6nmez","breadcrumb":{"@id":"https:\/\/gns-legal.com\/hakkimizda\/#breadcrumb"},"inLanguage":"fr-FR","potentialAction":[{"@type":"ReadAction","target":["https:\/\/gns-legal.com\/hakkimizda\/"]}]},{"@type":"ImageObject","inLanguage":"fr-FR","@id":"https:\/\/gns-legal.com\/hakkimizda\/#primaryimage","url":"https:\/\/gns-legal.com\/wp-content\/uploads\/2026\/02\/WhatsApp-Image-2026-02-07-at-13.52.15.jpeg","contentUrl":"https:\/\/gns-legal.com\/wp-content\/uploads\/2026\/02\/WhatsApp-Image-2026-02-07-at-13.52.15.jpeg"},{"@type":"BreadcrumbList","@id":"https:\/\/gns-legal.com\/hakkimizda\/#breadcrumb","itemListElement":[{"@type":"ListItem","position":1,"name":"Anasayfa","item":"https:\/\/gns-legal.com\/"},{"@type":"ListItem","position":2,"name":"Hakk\u0131m\u0131zda"}]},{"@type":"WebSite","@id":"https:\/\/gns-legal.com\/#website","url":"https:\/\/gns-legal.com\/","name":"GNS Hukuk & Dan\u0131\u015fmanl\u0131k","description":"Av. G\u00fclizar Naz S\u00f6nmez","publisher":{"@id":"https:\/\/gns-legal.com\/#organization"},"potentialAction":[{"@type":"SearchAction","target":{"@type":"EntryPoint","urlTemplate":"https:\/\/gns-legal.com\/?s={search_term_string}"},"query-input":{"@type":"PropertyValueSpecification","valueRequired":true,"valueName":"search_term_string"}}],"inLanguage":"fr-FR"},{"@type":"Organization","@id":"https:\/\/gns-legal.com\/#organization","name":"GNS Hukuk & Dan\u0131\u015fmanl\u0131k","url":"https:\/\/gns-legal.com\/","logo":{"@type":"ImageObject","inLanguage":"fr-FR","@id":"https:\/\/gns-legal.com\/#\/schema\/logo\/image\/","url":"https:\/\/gns-legal.com\/wp-content\/uploads\/2025\/08\/gns-legal-favicon.webp","contentUrl":"https:\/\/gns-legal.com\/wp-content\/uploads\/2025\/08\/gns-legal-favicon.webp","width":150,"height":150,"caption":"GNS Hukuk & Dan\u0131\u015fmanl\u0131k"},"image":{"@id":"https:\/\/gns-legal.com\/#\/schema\/logo\/image\/"},"sameAs":["https:\/\/www.instagram.com\/gnshukuk"],"description":"GNS Hukuk & Dan\u0131\u015fmanl\u0131k, Bodrum merkezli uluslararas\u0131 bir hukuk b\u00fcrosu olup yabanc\u0131lar hukuku, gayrimenkul yat\u0131r\u0131mlar\u0131, T\u00fcrk vatanda\u015fl\u0131\u011f\u0131 ba\u015fvurular\u0131 ve kripto varl\u0131k hukuku alanlar\u0131nda yerli ve yabanc\u0131 m\u00fcvekkillere hukuki dan\u0131\u015fmanl\u0131k sunmaktad\u0131r.","email":"info@gns-legal.com","telephone":"05300711001","legalName":"GNS Hukuk & Dan\u0131\u015fmanl\u0131k"}]}},"_links":{"self":[{"href":"https:\/\/gns-legal.com\/fr\/wp-json\/wp\/v2\/pages\/4400","targetHints":{"allow":["GET"]}}],"collection":[{"href":"https:\/\/gns-legal.com\/fr\/wp-json\/wp\/v2\/pages"}],"about":[{"href":"https:\/\/gns-legal.com\/fr\/wp-json\/wp\/v2\/types\/page"}],"author":[{"embeddable":true,"href":"https:\/\/gns-legal.com\/fr\/wp-json\/wp\/v2\/users\/1"}],"replies":[{"embeddable":true,"href":"https:\/\/gns-legal.com\/fr\/wp-json\/wp\/v2\/comments?post=4400"}],"version-history":[{"count":20,"href":"https:\/\/gns-legal.com\/fr\/wp-json\/wp\/v2\/pages\/4400\/revisions"}],"predecessor-version":[{"id":21679,"href":"https:\/\/gns-legal.com\/fr\/wp-json\/wp\/v2\/pages\/4400\/revisions\/21679"}],"wp:attachment":[{"href":"https:\/\/gns-legal.com\/fr\/wp-json\/wp\/v2\/media?parent=4400"}],"curies":[{"name":"wp","href":"https:\/\/api.w.org\/{rel}","templated":true}]}}